{"id":30292,"date":"2024-12-30T12:33:02","date_gmt":"2024-12-30T11:33:02","guid":{"rendered":"https:\/\/marholidays.es\/?page_id=30292"},"modified":"2026-03-23T13:29:46","modified_gmt":"2026-03-23T12:29:46","slug":"politique-de-cookies","status":"publish","type":"page","link":"https:\/\/marholidays.es\/fr\/politique-de-cookies\/","title":{"rendered":"Politique de Cookies"},"content":{"rendered":"\t\t<div data-elementor-type=\"wp-page\" data-elementor-id=\"30292\" class=\"elementor elementor-30292 elementor-20630\" data-elementor-post-type=\"page\">\n\t\t\t\t<div class=\"elementor-element elementor-element-9eb9a68 e-flex e-con-boxed wpr-particle-no wpr-jarallax-no wpr-parallax-no wpr-sticky-section-no e-con e-parent\" data-id=\"9eb9a68\" data-element_type=\"container\" data-e-type=\"container\">\n\t\t\t\t\t<div class=\"e-con-inner\">\n\t\t\t\t<div class=\"elementor-element elementor-element-279cf02 elementor-widget elementor-widget-heading\" data-id=\"279cf02\" data-element_type=\"widget\" data-e-type=\"widget\" data-widget_type=\"heading.default\">\n\t\t\t\t<div class=\"elementor-widget-container\">\n\t\t\t\t\t<h2 class=\"elementor-heading-title elementor-size-default\">Politique en mati\u00e8re de cookies<\/h2>\t\t\t\t<\/div>\n\t\t\t\t<\/div>\n\t\t\t\t<div class=\"elementor-element elementor-element-ce27082 elementor-widget elementor-widget-text-editor\" data-id=\"ce27082\" data-element_type=\"widget\" data-e-type=\"widget\" data-widget_type=\"text-editor.default\">\n\t\t\t\t<div class=\"elementor-widget-container\">\n\t\t\t\t\t\t\t\t\t<p align=\"justify\"><span style=\"font-family: Times New Roman, serif;\"><span style=\"color: #3c3e47;\"><span style=\"font-family: Arial, serif;\"><span style=\"font-size: large;\">Ce site web utilise des cookies. Les cookies de ce site web sont utilis\u00e9s pour personnaliser le contenu et les publicit\u00e9s, offrir des fonctionnalit\u00e9s de r\u00e9seaux sociaux et analyser le trafic. En outre, nous partageons des informations sur votre utilisation du site web avec nos partenaires de r\u00e9seaux sociaux, de publicit\u00e9 et d&#8217;analyse web, qui peuvent les combiner avec d&#8217;autres informations que vous leur avez fournies ou qu&#8217;ils ont recueillies \u00e0 partir de votre utilisation de leurs services.<\/span><\/span><\/span><\/span><\/p><p align=\"justify\"><span style=\"font-family: Times New Roman, serif;\"><span style=\"color: #3c3e47;\"><span style=\"font-family: Arial, serif;\"><span style=\"font-size: large;\">Les cookies sont de petits fichiers texte que les sites web peuvent utiliser pour rendre l&#8217;exp\u00e9rience utilisateur plus efficace.<\/span><\/span><\/span><\/span><\/p><p align=\"justify\"><span style=\"font-family: Times New Roman, serif;\"><span style=\"color: #3c3e47;\"><span style=\"font-family: Arial, serif;\"><span style=\"font-size: large;\">La loi stipule que nous pouvons stocker des cookies sur votre appareil s&#8217;ils sont strictement n\u00e9cessaires au fonctionnement de ce site. Pour tous les autres types de cookies, nous avons besoin de votre autorisation.<\/span><\/span><\/span><\/span><\/p><p align=\"justify\"><span style=\"font-family: Times New Roman, serif;\"><span style=\"color: #3c3e47;\"><span style=\"font-family: Arial, serif;\"><span style=\"font-size: large;\">Ce site utilise diff\u00e9rents types de cookies. Certains cookies sont plac\u00e9s par des services tiers qui apparaissent sur nos pages.<\/span><\/span><\/span><\/span><\/p><p align=\"justify\"><span style=\"font-family: Times New Roman, serif;\"><span style=\"color: #3c3e47;\"><span style=\"font-family: Arial, serif;\"><span style=\"font-size: large;\">Vous pouvez \u00e0 tout moment modifier ou retirer votre consentement \u00e0 partir de la d\u00e9claration relative aux cookies sur notre site web.<\/span><\/span><\/span><\/span><\/p><p align=\"justify\"><span style=\"font-family: Times New Roman, serif;\"><span style=\"color: #3c3e47;\"><span style=\"font-family: Arial, serif;\"><span style=\"font-size: large;\">Pour en savoir plus sur qui nous sommes, comment nous contacter et comment nous traitons les donn\u00e9es personnelles, consultez notre Politique de confidentialit\u00e9.<\/span><\/span><\/span><\/span><\/p><p align=\"justify\"><span style=\"font-family: Times New Roman, serif;\"><span style=\"color: #3c3e47;\"><span style=\"font-family: Arial, serif;\"><span style=\"font-size: large;\">Lorsque vous nous contactez au sujet de votre consentement, veuillez indiquer l&#8217;identifiant et la date de votre consentement.<\/span><\/span><\/span><\/span><\/p><p align=\"justify\"><span style=\"font-family: Times New Roman, serif;\"><span style=\"color: #3c3e47;\"><span style=\"font-family: Arial, serif;\"><span style=\"font-size: large;\">Votre consentement s&#8217;applique aux domaines suivants : <a href=\"http:\/\/www.marholidays.es\">www.marholidays.es<\/a><\/span><\/span><\/span><\/span><\/p><p align=\"justify\">\u00a0<\/p>\t\t\t\t\t\t\t\t<\/div>\n\t\t\t\t<\/div>\n\t\t\t\t\t<\/div>\n\t\t\t\t<\/div>\n\t\t\t\t<\/div>\n\t\t","protected":false},"excerpt":{"rendered":"<p>Politique en mati\u00e8re de cookies Ce site web utilise des cookies. Les cookies de ce site web sont utilis\u00e9s pour personnaliser le contenu et les publicit\u00e9s, offrir des fonctionnalit\u00e9s de r\u00e9seaux sociaux et analyser le trafic. En outre, nous partageons des informations sur votre utilisation du site web avec nos partenaires de r\u00e9seaux sociaux, de publicit\u00e9 et d&#8217;analyse web, qui peuvent les combiner avec d&#8217;autres informations que vous leur avez fournies ou qu&#8217;ils ont recueillies \u00e0 partir de votre utilisation de leurs services. Les cookies sont de petits fichiers texte que les sites web peuvent utiliser pour rendre l&#8217;exp\u00e9rience utilisateur plus efficace. La loi stipule que nous pouvons stocker des cookies sur votre appareil s&#8217;ils sont strictement n\u00e9cessaires au fonctionnement de ce site. Pour tous les autres types de cookies, nous avons besoin de votre autorisation. Ce site utilise diff\u00e9rents types de cookies. Certains cookies sont plac\u00e9s par des services tiers qui apparaissent sur nos pages. Vous pouvez \u00e0 tout moment modifier ou retirer votre consentement \u00e0 partir de la d\u00e9claration relative aux cookies sur notre site web. Pour en savoir plus sur qui nous sommes, comment nous contacter et comment nous traitons les donn\u00e9es personnelles, consultez notre Politique de confidentialit\u00e9. Lorsque vous nous contactez au sujet de votre consentement, veuillez indiquer l&#8217;identifiant et la date de votre consentement. Votre consentement s&#8217;applique aux domaines suivants : www.marholidays.es \u00a0<\/p>\n","protected":false},"author":1,"featured_media":0,"parent":0,"menu_order":0,"comment_status":"closed","ping_status":"closed","template":"elementor_header_footer","meta":{"footnotes":""},"class_list":["post-30292","page","type-page","status-publish","hentry"],"_links":{"self":[{"href":"https:\/\/marholidays.es\/fr\/wp-json\/wp\/v2\/pages\/30292","targetHints":{"allow":["GET"]}}],"collection":[{"href":"https:\/\/marholidays.es\/fr\/wp-json\/wp\/v2\/pages"}],"about":[{"href":"https:\/\/marholidays.es\/fr\/wp-json\/wp\/v2\/types\/page"}],"author":[{"embeddable":true,"href":"https:\/\/marholidays.es\/fr\/wp-json\/wp\/v2\/users\/1"}],"replies":[{"embeddable":true,"href":"https:\/\/marholidays.es\/fr\/wp-json\/wp\/v2\/comments?post=30292"}],"version-history":[{"count":5,"href":"https:\/\/marholidays.es\/fr\/wp-json\/wp\/v2\/pages\/30292\/revisions"}],"predecessor-version":[{"id":33763,"href":"https:\/\/marholidays.es\/fr\/wp-json\/wp\/v2\/pages\/30292\/revisions\/33763"}],"wp:attachment":[{"href":"https:\/\/marholidays.es\/fr\/wp-json\/wp\/v2\/media?parent=30292"}],"curies":[{"name":"wp","href":"https:\/\/api.w.org\/{rel}","templated":true}]}}