{"id":30280,"date":"2024-12-30T12:42:14","date_gmt":"2024-12-30T11:42:14","guid":{"rendered":"https:\/\/marholidays.es\/?page_id=30280"},"modified":"2026-03-23T13:30:04","modified_gmt":"2026-03-23T12:30:04","slug":"politique-de-confidentialite","status":"publish","type":"page","link":"https:\/\/marholidays.es\/fr\/politique-de-confidentialite\/","title":{"rendered":"Politique de Confidentialit\u00e9"},"content":{"rendered":"\t\t<div data-elementor-type=\"wp-page\" data-elementor-id=\"30280\" class=\"elementor elementor-30280 elementor-20682\" data-elementor-post-type=\"page\">\n\t\t\t\t<div class=\"elementor-element elementor-element-9eb9a68 e-flex e-con-boxed wpr-particle-no wpr-jarallax-no wpr-parallax-no wpr-sticky-section-no e-con e-parent\" data-id=\"9eb9a68\" data-element_type=\"container\" data-e-type=\"container\">\n\t\t\t\t\t<div class=\"e-con-inner\">\n\t\t\t\t<div class=\"elementor-element elementor-element-279cf02 elementor-widget elementor-widget-heading\" data-id=\"279cf02\" data-element_type=\"widget\" data-e-type=\"widget\" data-widget_type=\"heading.default\">\n\t\t\t\t<div class=\"elementor-widget-container\">\n\t\t\t\t\t<h2 class=\"elementor-heading-title elementor-size-default\">Politique de confidentialit\u00e9 <\/h2>\t\t\t\t<\/div>\n\t\t\t\t<\/div>\n\t\t\t\t<div class=\"elementor-element elementor-element-70d983d elementor-widget elementor-widget-text-editor\" data-id=\"70d983d\" data-element_type=\"widget\" data-e-type=\"widget\" data-widget_type=\"text-editor.default\">\n\t\t\t\t<div class=\"elementor-widget-container\">\n\t\t\t\t\t\t\t\t\t<p><span style=\"color: #007ac1;\"><span style=\"font-family: Arial, serif;\"><b>INFORMATIONS DE BASE SUR LA PROTECTION DES DONN\u00c9ES<\/b><\/span><\/span><\/p><p><span style=\"color: #4b4b4b;\"><span style=\"font-family: Arial, serif;\"><b>RESPONSABLE :<\/b><\/span><\/span><span style=\"color: #4b4b4b;\"><span style=\"font-family: Arial, serif;\">\u00a0 Mar Real Estates S.L.U.<br \/><\/span><\/span><span style=\"color: #4b4b4b;\"><span style=\"font-family: Arial, serif;\"><b>FINALIT\u00c9 :<\/b><\/span><\/span><span style=\"color: #4b4b4b;\"><span style=\"font-family: Arial, serif;\">\u00a0 Gestion des r\u00e9servations et des locations de vacances<br \/><\/span><\/span><span style=\"color: #4b4b4b;\"><span style=\"font-family: Arial, serif;\"><b>L\u00c9GITIMATION :<\/b><\/span><\/span><span style=\"color: #4b4b4b;\"><span style=\"font-family: Arial, serif;\">\u00a0 Ex\u00e9cution d&#8217;un contrat<br \/><\/span><\/span><span style=\"color: #4b4b4b;\"><span style=\"font-family: Arial, serif;\"><b>DESTINATAIRES :<\/b><\/span><\/span><span style=\"color: #4b4b4b;\"><span style=\"font-family: Arial, serif;\">\u00a0 Aucune donn\u00e9e ne sera c\u00e9d\u00e9e \u00e0 des tiers, sauf obligation l\u00e9gale<br \/><\/span><\/span><span style=\"color: #4b4b4b;\"><span style=\"font-family: Arial, serif;\"><b>DROITS :<\/b><\/span><\/span><span style=\"color: #4b4b4b;\"><span style=\"font-family: Arial, serif;\">\u00a0 Vous disposez des droits d&#8217;acc\u00e8s, de rectification, d&#8217;annulation, d&#8217;opposition, de portabilit\u00e9 et de limitation, comme expliqu\u00e9 dans les informations suppl\u00e9mentaires<br \/><\/span><\/span><span style=\"color: #4b4b4b;\"><span style=\"font-family: Arial, serif;\"><b>INFORMATIONS SUPPL\u00c9MENTAIRES :<\/b><\/span><\/span><span style=\"color: #4b4b4b;\"><span style=\"font-family: Arial, serif;\">\u00a0 Vous pouvez nous demander des informations suppl\u00e9mentaires et d\u00e9taill\u00e9es sur la protection des donn\u00e9es par e-mail \u00e0 l&#8217;adresse suivante : <\/span><\/span><span style=\"color: #467886;\"><u><a href=\"mailto:central@marholidays.net\"><span style=\"font-family: Arial, serif;\">central@marholidays.net<\/span><\/a><\/u><\/span><\/p><p align=\"justify\"><span style=\"color: #4b4b4b;\"><span style=\"font-family: Arial, serif;\">Informations de base sur la protection des donn\u00e9es : (R\u00e8glement (UE) 2016\/679 du 27 avril 2016) :<\/span><\/span><\/p><p align=\"justify\"><span style=\"color: #4b4b4b;\"><span style=\"font-family: Arial, serif;\">Mar Real Estates S.L.U. est responsable du traitement de vos donn\u00e9es personnelles dans le but de g\u00e9rer les r\u00e9servations et les locations de vacances, dans le cadre de l&#8217;ex\u00e9cution d&#8217;un contrat. Aucune donn\u00e9e ne sera c\u00e9d\u00e9e \u00e0 des tiers, sauf obligation l\u00e9gale. Vous disposez des droits d&#8217;acc\u00e8s, de rectification, d&#8217;annulation, d&#8217;opposition, de portabilit\u00e9 et de limitation que vous pouvez exercer dans nos bureaux ou par e-mail :\u00a0<\/span><\/span><a href=\"mailto:central@marholidays.net\"><span style=\"color: #1e87f0;\"><span style=\"font-family: Arial, serif;\">central@marholidays.net<\/span><\/span><\/a><span style=\"color: #4b4b4b;\"><span style=\"font-family: Arial, serif;\">. Vous pouvez obtenir de plus amples informations sur le traitement de vos donn\u00e9es personnelles dans la section Politiques de confidentialit\u00e9.<\/span><\/span><\/p><p><span style=\"color: #007ac1;\"><span style=\"font-family: Arial, serif;\"><b>ACTIVIT\u00c9 DE TRAITEMENT<\/b><\/span><\/span><\/p><p><span><span style=\"font-family: Arial, serif;\"><b>Qui est responsable du traitement de vos donn\u00e9es personnelles ?<\/b><\/span><\/span><\/p><p><span style=\"color: #4b4b4b;\"><span style=\"font-family: Arial, serif;\">Titulaire : Mar Real Estates S.L.U.<\/span><\/span><\/p><p><span style=\"color: #4b4b4b;\"><span style=\"font-family: Arial, serif;\">Adresse : Avda. Libertad n\u00ba 1 03181 (TORREVIEJA) ALICANTE<\/span><\/span><\/p><p><span style=\"color: #4b4b4b;\"><span style=\"font-family: Arial, serif;\">CIF\/NIF : B53953873<\/span><\/span><\/p><p><span style=\"color: #4b4b4b;\"><span style=\"font-family: Arial, serif;\">Adresse e-mail de contact : central@marholidays.net<\/span><\/span><\/p><p><span style=\"color: #4b4b4b;\"><span style=\"font-family: Arial, serif;\">Coordonn\u00e9es du d\u00e9l\u00e9gu\u00e9 \u00e0 la protection des donn\u00e9es :\u00a0<\/span><\/span><a href=\"mailto:dpo@tmgrupoinmobiliario.com\"><span style=\"color: #1e87f0;\"><span style=\"font-family: Arial, serif;\">dpo@tmgrupoinmobiliario.com<\/span><\/span><\/a><\/p><p><span style=\"color: #4b4b4b;\"><span style=\"font-family: Arial, serif;\">Num\u00e9ro de t\u00e9l\u00e9phone : +34-661 441 354<\/span><\/span><\/p><p><span><span style=\"font-family: Arial, serif;\"><b>Dans quel but traitons-nous vos donn\u00e9es personnelles ?<\/b><\/span><\/span><\/p><p><span style=\"color: #4b4b4b;\"><span style=\"font-family: Arial, serif;\">Vos donn\u00e9es personnelles seront utilis\u00e9es dans le but de g\u00e9rer les r\u00e9servations et les locations de vacances.<\/span><\/span><\/p><p><span><span style=\"font-family: Arial, serif;\"><b>Combien de temps conservons-nous vos donn\u00e9es personnelles ?<\/b><\/span><\/span><\/p><p><span style=\"color: #4b4b4b;\"><span style=\"font-family: Arial, serif;\">Vos donn\u00e9es personnelles seront conserv\u00e9es pendant toute la dur\u00e9e de la relation \u00e9tablie et, une fois celle-ci termin\u00e9e, elles seront conserv\u00e9es conform\u00e9ment aux d\u00e9lais l\u00e9gaux de conservation.<\/span><\/span><\/p><p><span><span style=\"font-family: Arial, serif;\"><b>Quelle est la l\u00e9gitimit\u00e9 du traitement de vos donn\u00e9es personnelles ?<\/b><\/span><\/span><\/p><p><span style=\"color: #4b4b4b;\"><span style=\"font-family: Arial, serif;\">La base juridique pour le traitement de vos donn\u00e9es personnelles est l&#8217;ex\u00e9cution d&#8217;un contrat de r\u00e9servation et de location.<\/span><\/span><\/p><p><span><span style=\"font-family: Arial, serif;\"><b>Y a-t-il une obligation de fournir ces donn\u00e9es personnelles ?<\/b><\/span><\/span><\/p><p><span style=\"color: #4b4b4b;\"><span style=\"font-family: Arial, serif;\">Exigence l\u00e9gale ou contractuelle<\/span><\/span><\/p><p><span style=\"color: #4b4b4b;\"><span style=\"font-family: Arial, serif;\">Condition n\u00e9cessaire pour souscrire un contrat<\/span><\/span><\/p><p><span><span style=\"font-family: Arial, serif;\"><b>Quelles sont les cons\u00e9quences si vous ne le faites pas ?<\/b><\/span><\/span><\/p><p><span style=\"color: #4b4b4b;\"><span style=\"font-family: Arial, serif;\">Impossibilit\u00e9 de fournir le service demand\u00e9<\/span><\/span><\/p><p><span style=\"color: #4b4b4b;\"><span style=\"font-family: Arial, serif;\">Non-respect de la loi<\/span><\/span><\/p><p><span><span style=\"font-family: Arial, serif;\"><b>Allons-nous transmettre vos donn\u00e9es personnelles ?<\/b><\/span><\/span><\/p><p><span style=\"color: #4b4b4b;\"><span style=\"font-family: Arial, serif;\">Aucune donn\u00e9e ne sera transmise \u00e0 des tiers, sauf obligation l\u00e9gale.<\/span><\/span><\/p><p><span><span style=\"font-family: Arial, serif;\"><b>Quels sont vos droits lorsque vous nous fournissez vos donn\u00e9es personnelles ?<\/b><\/span><\/span><\/p><p align=\"justify\"><span style=\"color: #4b4b4b;\"><span style=\"font-family: Arial, serif;\">Droit d&#8217;<\/span><\/span><span style=\"color: #4b4b4b;\"><span style=\"font-family: Arial, serif;\"><b>acc\u00e8s<\/b><\/span><\/span><span style=\"color: #4b4b4b;\"><span style=\"font-family: Arial, serif;\">: Vous avez le droit de savoir si vos donn\u00e9es sont trait\u00e9es et de recevoir cette information par \u00e9crit par le moyen demand\u00e9.<\/span><\/span><\/p><p align=\"justify\"><span style=\"color: #4b4b4b;\"><span style=\"font-family: Arial, serif;\">Droit de\u00a0<\/span><\/span><span style=\"color: #4b4b4b;\"><span style=\"font-family: Arial, serif;\"><b>rectification<\/b><\/span><\/span><span style=\"color: #4b4b4b;\"><span style=\"font-family: Arial, serif;\">: Vous avez le droit de demander la rectification de vos donn\u00e9es si celles-ci sont inexactes ou incompl\u00e8tes.<\/span><\/span><\/p><p align=\"justify\"><span style=\"color: #4b4b4b;\"><span style=\"font-family: Arial, serif;\">Vous avez le droit de demander la\u00a0 <\/span><\/span><span style=\"color: #4b4b4b;\"><span style=\"font-family: Arial, serif;\"><b>suppression<\/b><\/span><\/span><span style=\"color: #4b4b4b;\"><span style=\"font-family: Arial, serif;\">\u00a0de vos donn\u00e9es, mais vous devez tenir compte du fait que le droit \u00e0 la suppression est limit\u00e9 lorsqu&#8217;il existe une obligation l\u00e9gale de conservation ou de blocage de vos donn\u00e9es. <\/span><\/span><\/p><p align=\"justify\"><span style=\"color: #4b4b4b;\"><span style=\"font-family: Arial, serif;\">Dans certaines circonstances, les personnes concern\u00e9es peuvent demander la\u00a0 <\/span><\/span><span style=\"color: #4b4b4b;\"><span style=\"font-family: Arial, serif;\"><b>limitation<\/b><\/span><\/span><span style=\"color: #4b4b4b;\"><span style=\"font-family: Arial, serif;\">du traitement de leurs donn\u00e9es, auquel cas nous ne les conserverons que pour l&#8217;exercice ou la d\u00e9fense de droits, la protection de tiers ou pour des raisons d&#8217;int\u00e9r\u00eat public important. <\/span><\/span><\/p><p align=\"justify\"><span style=\"color: #4b4b4b;\"><span style=\"font-family: Arial, serif;\">Dans certaines circonstances et pour des raisons li\u00e9es \u00e0 votre situation particuli\u00e8re, vous pouvez\u00a0<\/span><\/span><span style=\"color: #4b4b4b;\"><span style=\"font-family: Arial, serif;\"><b>vous opposer<\/b><\/span><\/span><span style=\"color: #4b4b4b;\"><span style=\"font-family: Arial, serif;\">\u00a0au traitement de vos donn\u00e9es. Le responsable cessera de traiter les donn\u00e9es, sauf pour des raisons l\u00e9gitimes imp\u00e9rieuses, ou pour l&#8217;exercice ou la d\u00e9fense d&#8217;\u00e9ventuelles r\u00e9clamations. <\/span><\/span><\/p><p align=\"justify\"><span style=\"color: #4b4b4b;\"><span style=\"font-family: Arial, serif;\">Lorsque le traitement de vos donn\u00e9es est bas\u00e9 sur le consentement ou est n\u00e9cessaire \u00e0 l&#8217;ex\u00e9cution d&#8217;un contrat ou d&#8217;un pr\u00e9-contrat et qu&#8217;il est effectu\u00e9 par des moyens automatis\u00e9s, vous avez le droit \u00e0 la\u00a0 <\/span><\/span><span style=\"color: #4b4b4b;\"><span style=\"font-family: Arial, serif;\"><b>portabilit\u00e9<\/b><\/span><\/span><span style=\"color: #4b4b4b;\"><span style=\"font-family: Arial, serif;\">\u00a0de vos donn\u00e9es, c&#8217;est-\u00e0-dire \u00e0 ce qu&#8217;elles vous soient fournies dans un <\/span><\/span>format structur\u00e9, couramment utilis\u00e9 et lisible par machine, et m\u00eame \u00e0 les transmettre \u00e0 un nouveau responsable.<\/p><p align=\"justify\"><span style=\"color: #4b4b4b;\"><span style=\"font-family: Arial, serif;\">Toute personne int\u00e9ress\u00e9e peut\u00a0<\/span><\/span><span style=\"color: #4b4b4b;\"><span style=\"font-family: Arial, serif;\"><b>d\u00e9poser une r\u00e9clamation<\/b><\/span><\/span><span style=\"color: #4b4b4b;\"><span style=\"font-family: Arial, serif;\">\u00a0 aupr\u00e8s de l&#8217;autorit\u00e9 de contr\u00f4le comp\u00e9tente en mati\u00e8re de protection des donn\u00e9es, notamment lorsqu&#8217;il n&#8217;a pas obtenu satisfaction dans l&#8217;exercice de ses droits. Pour ce faire, il convient d&#8217;adresser un courrier \u00e0 l&#8217;Agence espagnole de protection des donn\u00e9es personnelles, C\/Jorge Juan n\u00b0 6, 28001 Madrid, ou via son si\u00e8ge \u00e9lectronique \u00e0 l&#8217;adresse <\/span><\/span><a href=\"http:\/\/www.agpd.es\/\" target=\"_blank\" rel=\"noopener\"><span style=\"color: #1e87f0;\"><span style=\"font-family: Arial, serif;\">www.agpd.es<\/span><\/span><\/a><\/p><p align=\"justify\"><span style=\"color: #4b4b4b;\"><span style=\"font-family: Arial, serif;\">Les mod\u00e8les pour demander l&#8217;exercice de vos droits se trouvent dans la section Politiques de confidentialit\u00e9 \/ droits de notre site web. Vous pouvez \u00e9galement nous les demander par \u00e9crit \u00e0 l&#8217;adresse du responsable et m\u00eame les obtenir sur le site web de l&#8217;autorit\u00e9 de contr\u00f4le \u00e0 l&#8217;adresse suivante : <\/span><\/span><a href=\"http:\/\/www.agpd.es\/\" target=\"_blank\" rel=\"noopener\"><span style=\"color: #1e87f0;\"><span style=\"font-family: Arial, serif;\">www.agpd.es<\/span><\/span><\/a><span style=\"color: #4b4b4b;\"><span style=\"font-family: Arial, serif;\"> et doivent \u00eatre envoy\u00e9s \u00e0 l&#8217;adresse postale ou \u00e9lectronique du responsable.\u00a0<\/span><\/span><\/p>\t\t\t\t\t\t\t\t<\/div>\n\t\t\t\t<\/div>\n\t\t\t\t\t<\/div>\n\t\t\t\t<\/div>\n\t\t\t\t<\/div>\n\t\t","protected":false},"excerpt":{"rendered":"<p>Politique de confidentialit\u00e9 INFORMATIONS DE BASE SUR LA PROTECTION DES DONN\u00c9ES RESPONSABLE :\u00a0 Mar Real Estates S.L.U.FINALIT\u00c9 :\u00a0 Gestion des r\u00e9servations et des locations de vacancesL\u00c9GITIMATION :\u00a0 Ex\u00e9cution d&#8217;un contratDESTINATAIRES :\u00a0 Aucune donn\u00e9e ne sera c\u00e9d\u00e9e \u00e0 des tiers, sauf obligation l\u00e9galeDROITS :\u00a0 Vous disposez des droits d&#8217;acc\u00e8s, de rectification, d&#8217;annulation, d&#8217;opposition, de portabilit\u00e9 et de limitation, comme expliqu\u00e9 dans les informations suppl\u00e9mentairesINFORMATIONS SUPPL\u00c9MENTAIRES :\u00a0 Vous pouvez nous demander des informations suppl\u00e9mentaires et d\u00e9taill\u00e9es sur la protection des donn\u00e9es par e-mail \u00e0 l&#8217;adresse suivante : central@marholidays.net Informations de base sur la protection des donn\u00e9es : (R\u00e8glement (UE) 2016\/679 du 27 avril 2016) : Mar Real Estates S.L.U. est responsable du traitement de vos donn\u00e9es personnelles dans le but de g\u00e9rer les r\u00e9servations et les locations de vacances, dans le cadre de l&#8217;ex\u00e9cution d&#8217;un contrat. Aucune donn\u00e9e ne sera c\u00e9d\u00e9e \u00e0 des tiers, sauf obligation l\u00e9gale. Vous disposez des droits d&#8217;acc\u00e8s, de rectification, d&#8217;annulation, d&#8217;opposition, de portabilit\u00e9 et de limitation que vous pouvez exercer dans nos bureaux ou par e-mail :\u00a0central@marholidays.net. Vous pouvez obtenir de plus amples informations sur le traitement de vos donn\u00e9es personnelles dans la section Politiques de confidentialit\u00e9. ACTIVIT\u00c9 DE TRAITEMENT Qui est responsable du traitement de vos donn\u00e9es personnelles ? Titulaire : Mar Real Estates S.L.U. Adresse : Avda. Libertad n\u00ba 1 03181 (TORREVIEJA) ALICANTE CIF\/NIF : B53953873 Adresse e-mail de contact : central@marholidays.net Coordonn\u00e9es du d\u00e9l\u00e9gu\u00e9 \u00e0 la protection des donn\u00e9es :\u00a0dpo@tmgrupoinmobiliario.com Num\u00e9ro de t\u00e9l\u00e9phone : +34-661 441 354 Dans quel but traitons-nous vos donn\u00e9es personnelles ? Vos donn\u00e9es personnelles seront utilis\u00e9es dans le but de g\u00e9rer les r\u00e9servations et les locations de vacances. Combien de temps conservons-nous vos donn\u00e9es personnelles ? Vos donn\u00e9es personnelles seront conserv\u00e9es pendant toute la dur\u00e9e de la relation \u00e9tablie et, une fois celle-ci termin\u00e9e, elles seront conserv\u00e9es conform\u00e9ment aux d\u00e9lais l\u00e9gaux de conservation. Quelle est la l\u00e9gitimit\u00e9 du traitement de vos donn\u00e9es personnelles ? La base juridique pour le traitement de vos donn\u00e9es personnelles est l&#8217;ex\u00e9cution d&#8217;un contrat de r\u00e9servation et de location. Y a-t-il une obligation de fournir ces donn\u00e9es personnelles ? Exigence l\u00e9gale ou contractuelle Condition n\u00e9cessaire pour souscrire un contrat Quelles sont les cons\u00e9quences si vous ne le faites pas ? Impossibilit\u00e9 de fournir le service demand\u00e9 Non-respect de la loi Allons-nous transmettre vos donn\u00e9es personnelles ? Aucune donn\u00e9e ne sera transmise \u00e0 des tiers, sauf obligation l\u00e9gale. Quels sont vos droits lorsque vous nous fournissez vos donn\u00e9es personnelles ? Droit d&#8217;acc\u00e8s: Vous avez le droit de savoir si vos donn\u00e9es sont trait\u00e9es et de recevoir cette information par \u00e9crit par le moyen demand\u00e9. Droit de\u00a0rectification: Vous avez le droit de demander la rectification de vos donn\u00e9es si celles-ci sont inexactes ou incompl\u00e8tes. Vous avez le droit de demander la\u00a0 suppression\u00a0de vos donn\u00e9es, mais vous devez tenir compte du fait que le droit \u00e0 la suppression est limit\u00e9 lorsqu&#8217;il existe une obligation l\u00e9gale de conservation ou de blocage de vos donn\u00e9es. Dans certaines circonstances, les personnes concern\u00e9es peuvent demander la\u00a0 limitationdu traitement de leurs donn\u00e9es, auquel cas nous ne les conserverons que pour l&#8217;exercice ou la d\u00e9fense de droits, la protection de tiers ou pour des raisons d&#8217;int\u00e9r\u00eat public important. Dans certaines circonstances et pour des raisons li\u00e9es \u00e0 votre situation particuli\u00e8re, vous pouvez\u00a0vous opposer\u00a0au traitement de vos donn\u00e9es. Le responsable cessera de traiter les donn\u00e9es, sauf pour des raisons l\u00e9gitimes imp\u00e9rieuses, ou pour l&#8217;exercice ou la d\u00e9fense d&#8217;\u00e9ventuelles r\u00e9clamations. Lorsque le traitement de vos donn\u00e9es est bas\u00e9 sur le consentement ou est n\u00e9cessaire \u00e0 l&#8217;ex\u00e9cution d&#8217;un contrat ou d&#8217;un pr\u00e9-contrat et qu&#8217;il est effectu\u00e9 par des moyens automatis\u00e9s, vous avez le droit \u00e0 la\u00a0 portabilit\u00e9\u00a0de vos donn\u00e9es, c&#8217;est-\u00e0-dire \u00e0 ce qu&#8217;elles vous soient fournies dans un format structur\u00e9, couramment utilis\u00e9 et lisible par machine, et m\u00eame \u00e0 les transmettre \u00e0 un nouveau responsable. Toute personne int\u00e9ress\u00e9e peut\u00a0d\u00e9poser une r\u00e9clamation\u00a0 aupr\u00e8s de l&#8217;autorit\u00e9 de contr\u00f4le comp\u00e9tente en mati\u00e8re de protection des donn\u00e9es, notamment lorsqu&#8217;il n&#8217;a pas obtenu satisfaction dans l&#8217;exercice de ses droits. Pour ce faire, il convient d&#8217;adresser un courrier \u00e0 l&#8217;Agence espagnole de protection des donn\u00e9es personnelles, C\/Jorge Juan n\u00b0 6, 28001 Madrid, ou via son si\u00e8ge \u00e9lectronique \u00e0 l&#8217;adresse www.agpd.es Les mod\u00e8les pour demander l&#8217;exercice de vos droits se trouvent dans la section Politiques de confidentialit\u00e9 \/ droits de notre site web. Vous pouvez \u00e9galement nous les demander par \u00e9crit \u00e0 l&#8217;adresse du responsable et m\u00eame les obtenir sur le site web de l&#8217;autorit\u00e9 de contr\u00f4le \u00e0 l&#8217;adresse suivante : www.agpd.es et doivent \u00eatre envoy\u00e9s \u00e0 l&#8217;adresse postale ou \u00e9lectronique du responsable.\u00a0<\/p>\n","protected":false},"author":1,"featured_media":0,"parent":0,"menu_order":0,"comment_status":"closed","ping_status":"closed","template":"elementor_header_footer","meta":{"footnotes":""},"class_list":["post-30280","page","type-page","status-publish","hentry"],"_links":{"self":[{"href":"https:\/\/marholidays.es\/fr\/wp-json\/wp\/v2\/pages\/30280","targetHints":{"allow":["GET"]}}],"collection":[{"href":"https:\/\/marholidays.es\/fr\/wp-json\/wp\/v2\/pages"}],"about":[{"href":"https:\/\/marholidays.es\/fr\/wp-json\/wp\/v2\/types\/page"}],"author":[{"embeddable":true,"href":"https:\/\/marholidays.es\/fr\/wp-json\/wp\/v2\/users\/1"}],"replies":[{"embeddable":true,"href":"https:\/\/marholidays.es\/fr\/wp-json\/wp\/v2\/comments?post=30280"}],"version-history":[{"count":5,"href":"https:\/\/marholidays.es\/fr\/wp-json\/wp\/v2\/pages\/30280\/revisions"}],"predecessor-version":[{"id":33764,"href":"https:\/\/marholidays.es\/fr\/wp-json\/wp\/v2\/pages\/30280\/revisions\/33764"}],"wp:attachment":[{"href":"https:\/\/marholidays.es\/fr\/wp-json\/wp\/v2\/media?parent=30280"}],"curies":[{"name":"wp","href":"https:\/\/api.w.org\/{rel}","templated":true}]}}