{"id":30184,"date":"2025-05-20T09:19:53","date_gmt":"2025-05-20T07:19:53","guid":{"rendered":"https:\/\/marholidays.es\/?page_id=30184"},"modified":"2026-03-23T13:30:45","modified_gmt":"2026-03-23T12:30:45","slug":"a-propos","status":"publish","type":"page","link":"https:\/\/marholidays.es\/fr\/a-propos\/","title":{"rendered":"\u00c0 Propos"},"content":{"rendered":"\t\t<div data-elementor-type=\"wp-page\" data-elementor-id=\"30184\" class=\"elementor elementor-30184 elementor-28331\" data-elementor-post-type=\"page\">\n\t\t\t\t\t\t<section class=\"elementor-section elementor-top-section elementor-element elementor-element-22b344d elementor-section-height-min-height elementor-section-full_width elementor-section-content-middle elementor-section-height-default elementor-section-items-middle wpr-particle-no wpr-jarallax-no wpr-parallax-no wpr-sticky-section-no\" data-id=\"22b344d\" data-element_type=\"section\" data-e-type=\"section\" data-settings=\"{&quot;background_background&quot;:&quot;classic&quot;}\">\n\t\t\t\t\t\t\t<div class=\"elementor-background-overlay\"><\/div>\n\t\t\t\t\t\t\t<div class=\"elementor-container elementor-column-gap-default\">\n\t\t\t\t\t<div class=\"elementor-column elementor-col-100 elementor-top-column elementor-element elementor-element-db94272\" data-id=\"db94272\" data-element_type=\"column\" data-e-type=\"column\" data-settings=\"{&quot;background_background&quot;:&quot;classic&quot;}\">\n\t\t\t<div class=\"elementor-widget-wrap elementor-element-populated\">\n\t\t\t\t\t\t<div class=\"elementor-element elementor-element-ad4150a elementor-widget__width-initial elementor-hidden-desktop elementor-widget elementor-widget-image\" data-id=\"ad4150a\" data-element_type=\"widget\" data-e-type=\"widget\" data-widget_type=\"image.default\">\n\t\t\t\t<div class=\"elementor-widget-container\">\n\t\t\t\t\t\t\t\t\t\t\t\t\t\t\t<img decoding=\"async\" src=\"https:\/\/marholidays.es\/wp-content\/uploads\/2024\/07\/Recurso-3.png\" title=\"\" alt=\"\" loading=\"lazy\" \/>\t\t\t\t\t\t\t\t\t\t\t\t\t\t\t<\/div>\n\t\t\t\t<\/div>\n\t\t\t\t<div class=\"elementor-element elementor-element-143988c elementor-widget elementor-widget-spacer\" data-id=\"143988c\" data-element_type=\"widget\" data-e-type=\"widget\" data-widget_type=\"spacer.default\">\n\t\t\t\t<div class=\"elementor-widget-container\">\n\t\t\t\t\t\t\t<div class=\"elementor-spacer\">\n\t\t\t<div class=\"elementor-spacer-inner\"><\/div>\n\t\t<\/div>\n\t\t\t\t\t\t<\/div>\n\t\t\t\t<\/div>\n\t\t\t\t<div class=\"elementor-element elementor-element-eaf991b elementor-hidden-tablet elementor-hidden-mobile elementor-widget elementor-widget-elementskit-heading\" data-id=\"eaf991b\" data-element_type=\"widget\" data-e-type=\"widget\" data-widget_type=\"elementskit-heading.default\">\n\t\t\t\t<div class=\"elementor-widget-container\">\n\t\t\t\t\t<div class=\"ekit-wid-con\" ><div class=\"ekit-heading elementskit-section-title-wraper text_center   ekit_heading_tablet-   ekit_heading_mobile-\"><h1 class=\"ekit-heading--title elementskit-section-title \">\u00c0 propos de nous<\/h1><\/div><\/div>\t\t\t\t<\/div>\n\t\t\t\t<\/div>\n\t\t\t\t<div class=\"elementor-element elementor-element-7339009 animated-slow miIcono elementor-view-default elementor-invisible elementor-widget elementor-widget-icon\" data-id=\"7339009\" data-element_type=\"widget\" data-e-type=\"widget\" data-settings=\"{&quot;_animation&quot;:&quot;slideInDown&quot;,&quot;_animation_delay&quot;:100}\" data-widget_type=\"icon.default\">\n\t\t\t\t<div class=\"elementor-widget-container\">\n\t\t\t\t\t\t\t<div class=\"elementor-icon-wrapper\">\n\t\t\t<a class=\"elementor-icon\" href=\"#ancla11\">\n\t\t\t<i aria-hidden=\"true\" class=\"icon icon-arrow-down-circle\"><\/i>\t\t\t<\/a>\n\t\t<\/div>\n\t\t\t\t\t\t<\/div>\n\t\t\t\t<\/div>\n\t\t\t\t<div class=\"elementor-element elementor-element-7da9204 elementor-widget elementor-widget-menu-anchor\" data-id=\"7da9204\" data-element_type=\"widget\" data-e-type=\"widget\" data-widget_type=\"menu-anchor.default\">\n\t\t\t\t<div class=\"elementor-widget-container\">\n\t\t\t\t\t\t\t<div class=\"elementor-menu-anchor\" id=\"ancla11\"><\/div>\n\t\t\t\t\t\t<\/div>\n\t\t\t\t<\/div>\n\t\t\t\t\t<\/div>\n\t\t<\/div>\n\t\t\t\t\t<\/div>\n\t\t<\/section>\n\t\t<div class=\"elementor-element elementor-element-3ae4cb2 e-grid e-con-boxed wpr-particle-no wpr-jarallax-no wpr-parallax-no wpr-sticky-section-no e-con e-parent\" data-id=\"3ae4cb2\" data-element_type=\"container\" data-e-type=\"container\">\n\t\t\t\t\t<div class=\"e-con-inner\">\n\t\t\t\t<div class=\"elementor-element elementor-element-675a600 elementor-widget elementor-widget-menu-anchor\" data-id=\"675a600\" data-element_type=\"widget\" data-e-type=\"widget\" data-widget_type=\"menu-anchor.default\">\n\t\t\t\t<div class=\"elementor-widget-container\">\n\t\t\t\t\t\t\t<div class=\"elementor-menu-anchor\" id=\"ancla1\"><\/div>\n\t\t\t\t\t\t<\/div>\n\t\t\t\t<\/div>\n\t\t\t\t<div class=\"elementor-element elementor-element-569f033 elementor-widget elementor-widget-heading\" data-id=\"569f033\" data-element_type=\"widget\" data-e-type=\"widget\" data-widget_type=\"heading.default\">\n\t\t\t\t<div class=\"elementor-widget-container\">\n\t\t\t\t\t<h2 class=\"elementor-heading-title elementor-size-default\">\u00c0 propos de nous<\/h2>\t\t\t\t<\/div>\n\t\t\t\t<\/div>\n\t\t\t\t<div class=\"elementor-element elementor-element-69858e8 elementor-widget elementor-widget-heading\" data-id=\"69858e8\" data-element_type=\"widget\" data-e-type=\"widget\" data-widget_type=\"heading.default\">\n\t\t\t\t<div class=\"elementor-widget-container\">\n\t\t\t\t\t<h3 class=\"elementor-heading-title elementor-size-default\">Des professionnels au service du client<\/h3>\t\t\t\t<\/div>\n\t\t\t\t<\/div>\n\t\t\t\t<div class=\"elementor-element elementor-element-70d983d elementor-widget elementor-widget-text-editor\" data-id=\"70d983d\" data-element_type=\"widget\" data-e-type=\"widget\" data-widget_type=\"text-editor.default\">\n\t\t\t\t<div class=\"elementor-widget-container\">\n\t\t\t\t\t\t\t\t\t<p>Mar Holidays est une \u00e9quipe de professionnels au service du client, qui recherche des s\u00e9jours de vacances de qualit\u00e9 avec un service sur mesure et dans les meilleures destinations du littoral m\u00e9diterran\u00e9en espagnol. Nous proposons une gamme tr\u00e8s large et en constante augmentation d&#8217;h\u00e9bergements touristiques de qualit\u00e9, dans des endroits privil\u00e9gi\u00e9s le long de la c\u00f4te m\u00e9diterran\u00e9enne espagnole et des Cara\u00efbes mexicaines (Riviera Maya), ainsi qu&#8217;une offre \u00e9tendue de services pour satisfaire tous les besoins possibles de nos clients nationaux et internationaux.<\/p>\t\t\t\t\t\t\t\t<\/div>\n\t\t\t\t<\/div>\n\t\t\t\t\t<\/div>\n\t\t\t\t<\/div>\n\t\t\t\t<\/div>\n\t\t","protected":false},"excerpt":{"rendered":"<p>\u00c0 propos de nous \u00c0 propos de nous Des professionnels au service du client Mar Holidays est une \u00e9quipe de professionnels au service du client, qui recherche des s\u00e9jours de vacances de qualit\u00e9 avec un service sur mesure et dans les meilleures destinations du littoral m\u00e9diterran\u00e9en espagnol. Nous proposons une gamme tr\u00e8s large et en constante augmentation d&#8217;h\u00e9bergements touristiques de qualit\u00e9, dans des endroits privil\u00e9gi\u00e9s le long de la c\u00f4te m\u00e9diterran\u00e9enne espagnole et des Cara\u00efbes mexicaines (Riviera Maya), ainsi qu&#8217;une offre \u00e9tendue de services pour satisfaire tous les besoins possibles de nos clients nationaux et internationaux.<\/p>\n","protected":false},"author":1,"featured_media":0,"parent":0,"menu_order":0,"comment_status":"closed","ping_status":"closed","template":"elementor_header_footer","meta":{"footnotes":""},"class_list":["post-30184","page","type-page","status-publish","hentry"],"_links":{"self":[{"href":"https:\/\/marholidays.es\/fr\/wp-json\/wp\/v2\/pages\/30184","targetHints":{"allow":["GET"]}}],"collection":[{"href":"https:\/\/marholidays.es\/fr\/wp-json\/wp\/v2\/pages"}],"about":[{"href":"https:\/\/marholidays.es\/fr\/wp-json\/wp\/v2\/types\/page"}],"author":[{"embeddable":true,"href":"https:\/\/marholidays.es\/fr\/wp-json\/wp\/v2\/users\/1"}],"replies":[{"embeddable":true,"href":"https:\/\/marholidays.es\/fr\/wp-json\/wp\/v2\/comments?post=30184"}],"version-history":[{"count":5,"href":"https:\/\/marholidays.es\/fr\/wp-json\/wp\/v2\/pages\/30184\/revisions"}],"predecessor-version":[{"id":33766,"href":"https:\/\/marholidays.es\/fr\/wp-json\/wp\/v2\/pages\/30184\/revisions\/33766"}],"wp:attachment":[{"href":"https:\/\/marholidays.es\/fr\/wp-json\/wp\/v2\/media?parent=30184"}],"curies":[{"name":"wp","href":"https:\/\/api.w.org\/{rel}","templated":true}]}}